{"id":12874,"date":"2022-03-09T14:54:51","date_gmt":"2022-03-09T12:54:51","guid":{"rendered":"http:\/\/dev.webgalleryitsolution.com\/veronove\/?page_id=12874"},"modified":"2022-03-29T09:46:44","modified_gmt":"2022-03-29T07:46:44","slug":"decorer-avec-des-carrelages","status":"publish","type":"page","link":"https:\/\/www.veronove.be\/fr\/conseil-en-style\/decorer-avec-des-carrelages\/","title":{"rendered":"D\u00e9corer avec des carrelages : conseils et astuces"},"content":{"rendered":"\t\t<div data-elementor-type=\"wp-page\" data-elementor-id=\"12874\" class=\"elementor elementor-12874 elementor-12873\" data-elementor-post-type=\"page\">\n\t\t\t\t\t\t\t\t\t<section class=\"elementor-section elementor-top-section elementor-element elementor-element-c2de7df elementor-section-boxed elementor-section-height-default elementor-section-height-default\" data-id=\"c2de7df\" data-element_type=\"section\">\n\t\t\t\t\t\t<div class=\"elementor-container elementor-column-gap-default\">\n\t\t\t\t\t<div class=\"elementor-column elementor-col-100 elementor-top-column elementor-element elementor-element-fe3301c\" data-id=\"fe3301c\" data-element_type=\"column\">\n\t\t\t<div class=\"elementor-widget-wrap elementor-element-populated\">\n\t\t\t\t\t\t\t\t<div class=\"elementor-element elementor-element-dfeb71a elementor-widget elementor-widget-text-editor\" data-id=\"dfeb71a\" data-element_type=\"widget\" data-widget_type=\"text-editor.default\">\n\t\t\t\t<div class=\"elementor-widget-container\">\n\t\t\t<style>\/*! elementor - v3.17.0 - 08-11-2023 *\/\n.elementor-widget-text-editor.elementor-drop-cap-view-stacked .elementor-drop-cap{background-color:#69727d;color:#fff}.elementor-widget-text-editor.elementor-drop-cap-view-framed .elementor-drop-cap{color:#69727d;border:3px solid;background-color:transparent}.elementor-widget-text-editor:not(.elementor-drop-cap-view-default) .elementor-drop-cap{margin-top:8px}.elementor-widget-text-editor:not(.elementor-drop-cap-view-default) .elementor-drop-cap-letter{width:1em;height:1em}.elementor-widget-text-editor .elementor-drop-cap{float:left;text-align:center;line-height:1;font-size:50px}.elementor-widget-text-editor .elementor-drop-cap-letter{display:inline-block}<\/style>\t\t\t\t<h1>D\u00e9corer avec des carrelages : CONSEILS ET ASTUCES<\/h1>\n<p>Cher lecteur,<br \/>\nNous souhaitons vous donner envie de venir dans nos salles d&#8217;exposition. C&#8217;est pourquoi nous vous proposons ici gratuitement trois pistes de r\u00e9flexion utiles pour la construction\/r\u00e9novation de votre habitation, m\u00eame si nos salles d&#8217;exposition \u00e9veilleront davantage votre cr\u00e9ativit\u00e9 que ce site. Et m\u00eame s&#8217;ils ne poss\u00e8dent pas de dipl\u00f4me en mati\u00e8re d&#8217;int\u00e9rieur, nos conseillers ont au moins la passion de la cr\u00e9ation et de l&#8217;innovation.<\/p>\n\t\t\t\t\t\t<\/div>\n\t\t\t\t<\/div>\n\t\t\t\t<div class=\"elementor-element elementor-element-1c1e61d elementor-position-right elementor-vertical-align-top elementor-widget elementor-widget-image-box\" data-id=\"1c1e61d\" data-element_type=\"widget\" data-widget_type=\"image-box.default\">\n\t\t\t\t<div class=\"elementor-widget-container\">\n\t\t\t<style>\/*! elementor - v3.17.0 - 08-11-2023 *\/\n.elementor-widget-image-box .elementor-image-box-content{width:100%}@media (min-width:768px){.elementor-widget-image-box.elementor-position-left .elementor-image-box-wrapper,.elementor-widget-image-box.elementor-position-right .elementor-image-box-wrapper{display:flex}.elementor-widget-image-box.elementor-position-right .elementor-image-box-wrapper{text-align:right;flex-direction:row-reverse}.elementor-widget-image-box.elementor-position-left .elementor-image-box-wrapper{text-align:left;flex-direction:row}.elementor-widget-image-box.elementor-position-top .elementor-image-box-img{margin:auto}.elementor-widget-image-box.elementor-vertical-align-top .elementor-image-box-wrapper{align-items:flex-start}.elementor-widget-image-box.elementor-vertical-align-middle .elementor-image-box-wrapper{align-items:center}.elementor-widget-image-box.elementor-vertical-align-bottom .elementor-image-box-wrapper{align-items:flex-end}}@media (max-width:767px){.elementor-widget-image-box .elementor-image-box-img{margin-left:auto!important;margin-right:auto!important;margin-bottom:15px}}.elementor-widget-image-box .elementor-image-box-img{display:inline-block}.elementor-widget-image-box .elementor-image-box-title a{color:inherit}.elementor-widget-image-box .elementor-image-box-wrapper{text-align:center}.elementor-widget-image-box .elementor-image-box-description{margin:0}<\/style><div class=\"elementor-image-box-wrapper\"><figure class=\"elementor-image-box-img\"><img loading=\"lazy\" decoding=\"async\" width=\"220\" height=\"271\" src=\"https:\/\/www.veronove.be\/wp-content\/uploads\/2022\/03\/400badkamervloer.jpg\" class=\"attachment-full size-full wp-image-12880\" alt=\"\" \/><\/figure><div class=\"elementor-image-box-content\"><h4 class=\"elementor-image-box-title\"> 1\/ Votre sol de salle de bain est id\u00e9al pour d\u00e9terminer l'ambiance !<\/h4><p class=\"elementor-image-box-description\">Dans des espaces plus petits, tels que la salle de bain, la surface n'offre pas beaucoup de possibilit\u00e9s de cr\u00e9ation. Mais c'est justement la raison pour laquelle vous pouvez vous montrer extravagant ! Essayez donc les galets ! Leur forme organique est agr\u00e9able dans les pi\u00e8ces aux murs d\u00e9s\u00e9quilibr\u00e9s ou dans les espaces demandant de nombreux d\u00e9coupages. Ces petites pierres conf\u00e8rent de la chaleur et une certaine attirance au sol de la salle de bain, rompant ainsi avec le sol d\u00e9coup\u00e9 ! Vous pouvez \u00e9galement r\u00e9p\u00e9ter leur pr\u00e9sence en les posant en tant que bord autour de la pi\u00e8ce ou en tant que rev\u00eatement d'un petit mur s\u00e9par\u00e9. Vous recevrez davantage de conseils dans notre salle d'exposition !<\/p><\/div><\/div>\t\t<\/div>\n\t\t\t\t<\/div>\n\t\t\t\t<div class=\"elementor-element elementor-element-238f1af elementor-position-left elementor-vertical-align-top elementor-widget elementor-widget-image-box\" data-id=\"238f1af\" data-element_type=\"widget\" data-widget_type=\"image-box.default\">\n\t\t\t\t<div class=\"elementor-widget-container\">\n\t\t\t<div class=\"elementor-image-box-wrapper\"><figure class=\"elementor-image-box-img\"><img loading=\"lazy\" decoding=\"async\" width=\"210\" height=\"220\" src=\"https:\/\/www.veronove.be\/wp-content\/uploads\/2022\/03\/401decoratief1.jpg\" class=\"attachment-full size-full wp-image-12882\" alt=\"\" \/><\/figure><div class=\"elementor-image-box-content\"><h4 class=\"elementor-image-box-title\">2\/D\u00e9coratif et fonctionnel dans votre salle de bain : 2x prix !<\/h4><p class=\"elementor-image-box-description\">En travaillant avec du relief, votre salle de bain aura directement davantage plus de profondeur ! Plut\u00f4t que de faire courir un bord fin traditionnel \u00e0 la hauteur de la porte autour de la pi\u00e8ce, n'h\u00e9sitez pas \u00e0 innover ! Quel serait le r\u00e9sultat si vous placiez un large bord \u00e0 la hauteur des yeux et sur un seul mur ? Soyez encore plus cr\u00e9atif et cr\u00e9ez un bord plus profond que vos carrelages de salle de bain au moyen d'une paroi. Succ\u00e8s garanti !<\/p><\/div><\/div>\t\t<\/div>\n\t\t\t\t<\/div>\n\t\t\t\t<div class=\"elementor-element elementor-element-619f039 elementor-position-right elementor-vertical-align-top elementor-widget elementor-widget-image-box\" data-id=\"619f039\" data-element_type=\"widget\" data-widget_type=\"image-box.default\">\n\t\t\t\t<div class=\"elementor-widget-container\">\n\t\t\t<div class=\"elementor-image-box-wrapper\"><figure class=\"elementor-image-box-img\"><img loading=\"lazy\" decoding=\"async\" width=\"250\" height=\"166\" src=\"https:\/\/www.veronove.be\/wp-content\/uploads\/2022\/03\/402decoratief.jpg\" class=\"attachment-full size-full wp-image-12884\" alt=\"\" \/><\/figure><div class=\"elementor-image-box-content\"><p class=\"elementor-image-box-description\">Vous pouvez utiliser le creux horizontal pour y d\u00e9poser votre bouteille de shampoing ou plusieurs bougies d'ambiance. Sur la photo, ce creux est recouvert de mosa\u00efques en pierre naturelle fendues et allong\u00e9es. Le relief de ces pierres est encore plus accentu\u00e9 par l'utilisation d'un \u00e9clairage LED indirect. Rendez-vous dans notre salle d'exposition pour obtenir davantage de conseils et astuces personnalis\u00e9s !<\/p><\/div><\/div>\t\t<\/div>\n\t\t\t\t<\/div>\n\t\t\t\t<div class=\"elementor-element elementor-element-b4be2c6 elementor-position-left elementor-vertical-align-top elementor-widget elementor-widget-image-box\" data-id=\"b4be2c6\" data-element_type=\"widget\" data-widget_type=\"image-box.default\">\n\t\t\t\t<div class=\"elementor-widget-container\">\n\t\t\t<div class=\"elementor-image-box-wrapper\"><figure class=\"elementor-image-box-img\"><img loading=\"lazy\" decoding=\"async\" width=\"200\" height=\"295\" src=\"https:\/\/www.veronove.be\/wp-content\/uploads\/2022\/03\/404rotswand.jpg\" class=\"attachment-full size-full wp-image-12886\" alt=\"\" \/><\/figure><div class=\"elementor-image-box-content\"><h4 class=\"elementor-image-box-title\">3\/Le mur rocher : un 10 pour l'ambiance et la chaleur !<\/h4><p class=\"elementor-image-box-description\">Gr\u00e2ce \u00e0 nos stackstones (lien vers les sortes de carrelages ?), vous pouvez cr\u00e9er tr\u00e8s facilement un mur-rocher contemporain. Sur la photo, vous voyez les stackstones pos\u00e9es sur un mur de s\u00e9paration entre le bain et la douche. Une SUPER d\u00e9coration bien entendu ! Vous ne trouverez jamais autant de sortes de carrelages en roche que chez Veronove Tegels. N'h\u00e9sitez donc pas \u00e0 adapter la couleur et la forme aux carrelages que vous avez choisis. Et utilisez-les partout. Un mur-rocher convient \u00e9galement parfaitement \u00e0 une chambre \u00e0 coucher. Et pourquoi ne placeriez-vous pas votre \u00e9cran plat contre ce mur ? Vous pouvez m\u00eame les utiliser dehors ! Vous avez des id\u00e9es ? Rendez-nous visite et partagez-les avec nous !<\/p><\/div><\/div>\t\t<\/div>\n\t\t\t\t<\/div>\n\t\t\t\t<div class=\"elementor-element elementor-element-09d83eb elementor-widget elementor-widget-text-editor\" data-id=\"09d83eb\" data-element_type=\"widget\" data-widget_type=\"text-editor.default\">\n\t\t\t\t<div class=\"elementor-widget-container\">\n\t\t\t\t\t\t\t<p>Ces trois suggestions ont-elles suffisamment attis\u00e9 votre curiosit\u00e9 ? Planifiez votre visite encore aujourd&#8217;hui !<\/p>\n<p><strong>CONSEIL ! Demandez la valeur V des nouveaux carrelages que vous achetez ! Il s&#8217;agit d&#8217;un syst\u00e8me qui classe les carrelages selon leur possible variation de couleur.<\/strong><\/p>\n\t\t\t\t\t\t<\/div>\n\t\t\t\t<\/div>\n\t\t\t\t\t<\/div>\n\t\t<\/div>\n\t\t\t\t\t\t\t<\/div>\n\t\t<\/section>\n\t\t\t\t\t\t\t<\/div>\n\t\t","protected":false},"excerpt":{"rendered":"<p>D\u00e9corer avec des carrelages : CONSEILS ET ASTUCES Cher lecteur, Nous souhaitons vous donner envie de venir dans nos salles d&#8217;exposition. C&#8217;est pourquoi nous vous proposons ici gratuitement trois pistes de r\u00e9flexion utiles pour la construction\/r\u00e9novation de votre habitation, m\u00eame si nos salles d&#8217;exposition \u00e9veilleront davantage votre cr\u00e9ativit\u00e9 que ce site. Et m\u00eame s&#8217;ils ne [&hellip;]<\/p>\n","protected":false},"author":3,"featured_media":0,"parent":10225,"menu_order":0,"comment_status":"closed","ping_status":"closed","template":"elementor_header_footer","meta":{"_acf_changed":false,"footnotes":""},"class_list":["post-12874","page","type-page","status-publish","hentry"],"acf":[],"yoast_head":"<!-- This site is optimized with the Yoast SEO plugin v23.1 - https:\/\/yoast.com\/wordpress\/plugins\/seo\/ -->\n<title>D\u00e9corer avec des carrelages : conseils et astuces - Veronove Tegels<\/title>\n<meta name=\"robots\" content=\"index, follow, max-snippet:-1, max-image-preview:large, max-video-preview:-1\" \/>\n<link rel=\"canonical\" href=\"https:\/\/www.veronove.be\/fr\/conseil-en-style\/decorer-avec-des-carrelages\/\" \/>\n<meta property=\"og:locale\" content=\"fr_FR\" \/>\n<meta property=\"og:type\" content=\"article\" \/>\n<meta property=\"og:title\" content=\"D\u00e9corer avec des carrelages : conseils et astuces - Veronove Tegels\" \/>\n<meta property=\"og:description\" content=\"D\u00e9corer avec des carrelages : CONSEILS ET ASTUCES Cher lecteur, Nous souhaitons vous donner envie de venir dans nos salles d&#8217;exposition. C&#8217;est pourquoi nous vous proposons ici gratuitement trois pistes de r\u00e9flexion utiles pour la construction\/r\u00e9novation de votre habitation, m\u00eame si nos salles d&#8217;exposition \u00e9veilleront davantage votre cr\u00e9ativit\u00e9 que ce site. Et m\u00eame s&#8217;ils ne [&hellip;]\" \/>\n<meta property=\"og:url\" content=\"https:\/\/www.veronove.be\/fr\/conseil-en-style\/decorer-avec-des-carrelages\/\" \/>\n<meta property=\"og:site_name\" content=\"Veronove Tegels\" \/>\n<meta property=\"article:modified_time\" content=\"2022-03-29T07:46:44+00:00\" \/>\n<meta property=\"og:image\" content=\"http:\/\/dev.webgalleryitsolution.com\/veronove\/wp-content\/uploads\/2022\/03\/400badkamervloer.jpg\" \/>\n<meta name=\"twitter:card\" content=\"summary_large_image\" \/>\n<meta name=\"twitter:label1\" content=\"Dur\u00e9e de lecture estim\u00e9e\" \/>\n\t<meta name=\"twitter:data1\" content=\"3 minutes\" \/>\n<script type=\"application\/ld+json\" class=\"yoast-schema-graph\">{\"@context\":\"https:\/\/schema.org\",\"@graph\":[{\"@type\":\"WebPage\",\"@id\":\"https:\/\/www.veronove.be\/fr\/conseil-en-style\/decorer-avec-des-carrelages\/\",\"url\":\"https:\/\/www.veronove.be\/fr\/conseil-en-style\/decorer-avec-des-carrelages\/\",\"name\":\"D\u00e9corer avec des carrelages : conseils et astuces - Veronove Tegels\",\"isPartOf\":{\"@id\":\"https:\/\/www.veronove.be\/fr\/#website\"},\"primaryImageOfPage\":{\"@id\":\"https:\/\/www.veronove.be\/fr\/conseil-en-style\/decorer-avec-des-carrelages\/#primaryimage\"},\"image\":{\"@id\":\"https:\/\/www.veronove.be\/fr\/conseil-en-style\/decorer-avec-des-carrelages\/#primaryimage\"},\"thumbnailUrl\":\"http:\/\/dev.webgalleryitsolution.com\/veronove\/wp-content\/uploads\/2022\/03\/400badkamervloer.jpg\",\"datePublished\":\"2022-03-09T12:54:51+00:00\",\"dateModified\":\"2022-03-29T07:46:44+00:00\",\"breadcrumb\":{\"@id\":\"https:\/\/www.veronove.be\/fr\/conseil-en-style\/decorer-avec-des-carrelages\/#breadcrumb\"},\"inLanguage\":\"fr-FR\",\"potentialAction\":[{\"@type\":\"ReadAction\",\"target\":[\"https:\/\/www.veronove.be\/fr\/conseil-en-style\/decorer-avec-des-carrelages\/\"]}]},{\"@type\":\"ImageObject\",\"inLanguage\":\"fr-FR\",\"@id\":\"https:\/\/www.veronove.be\/fr\/conseil-en-style\/decorer-avec-des-carrelages\/#primaryimage\",\"url\":\"http:\/\/dev.webgalleryitsolution.com\/veronove\/wp-content\/uploads\/2022\/03\/400badkamervloer.jpg\",\"contentUrl\":\"http:\/\/dev.webgalleryitsolution.com\/veronove\/wp-content\/uploads\/2022\/03\/400badkamervloer.jpg\"},{\"@type\":\"BreadcrumbList\",\"@id\":\"https:\/\/www.veronove.be\/fr\/conseil-en-style\/decorer-avec-des-carrelages\/#breadcrumb\",\"itemListElement\":[{\"@type\":\"ListItem\",\"position\":1,\"name\":\"Home\",\"item\":\"https:\/\/www.veronove.be\/fr\/\"},{\"@type\":\"ListItem\",\"position\":2,\"name\":\"Conseil en style\",\"item\":\"https:\/\/www.veronove.be\/fr\/stijladvies\/\"},{\"@type\":\"ListItem\",\"position\":3,\"name\":\"D\u00e9corer avec des carrelages : conseils et astuces\"}]},{\"@type\":\"WebSite\",\"@id\":\"https:\/\/www.veronove.be\/fr\/#website\",\"url\":\"https:\/\/www.veronove.be\/fr\/\",\"name\":\"Veronove Tegels\",\"description\":\"Creatief met Tegels, Parket &amp; Badkamers\",\"potentialAction\":[{\"@type\":\"SearchAction\",\"target\":{\"@type\":\"EntryPoint\",\"urlTemplate\":\"https:\/\/www.veronove.be\/fr\/?s={search_term_string}\"},\"query-input\":\"required name=search_term_string\"}],\"inLanguage\":\"fr-FR\"}]}<\/script>\n<!-- \/ Yoast SEO plugin. -->","yoast_head_json":{"title":"D\u00e9corer avec des carrelages : conseils et astuces - Veronove Tegels","robots":{"index":"index","follow":"follow","max-snippet":"max-snippet:-1","max-image-preview":"max-image-preview:large","max-video-preview":"max-video-preview:-1"},"canonical":"https:\/\/www.veronove.be\/fr\/conseil-en-style\/decorer-avec-des-carrelages\/","og_locale":"fr_FR","og_type":"article","og_title":"D\u00e9corer avec des carrelages : conseils et astuces - Veronove Tegels","og_description":"D\u00e9corer avec des carrelages : CONSEILS ET ASTUCES Cher lecteur, Nous souhaitons vous donner envie de venir dans nos salles d&#8217;exposition. C&#8217;est pourquoi nous vous proposons ici gratuitement trois pistes de r\u00e9flexion utiles pour la construction\/r\u00e9novation de votre habitation, m\u00eame si nos salles d&#8217;exposition \u00e9veilleront davantage votre cr\u00e9ativit\u00e9 que ce site. Et m\u00eame s&#8217;ils ne [&hellip;]","og_url":"https:\/\/www.veronove.be\/fr\/conseil-en-style\/decorer-avec-des-carrelages\/","og_site_name":"Veronove Tegels","article_modified_time":"2022-03-29T07:46:44+00:00","og_image":[{"url":"http:\/\/dev.webgalleryitsolution.com\/veronove\/wp-content\/uploads\/2022\/03\/400badkamervloer.jpg"}],"twitter_card":"summary_large_image","twitter_misc":{"Dur\u00e9e de lecture estim\u00e9e":"3 minutes"},"schema":{"@context":"https:\/\/schema.org","@graph":[{"@type":"WebPage","@id":"https:\/\/www.veronove.be\/fr\/conseil-en-style\/decorer-avec-des-carrelages\/","url":"https:\/\/www.veronove.be\/fr\/conseil-en-style\/decorer-avec-des-carrelages\/","name":"D\u00e9corer avec des carrelages : conseils et astuces - Veronove Tegels","isPartOf":{"@id":"https:\/\/www.veronove.be\/fr\/#website"},"primaryImageOfPage":{"@id":"https:\/\/www.veronove.be\/fr\/conseil-en-style\/decorer-avec-des-carrelages\/#primaryimage"},"image":{"@id":"https:\/\/www.veronove.be\/fr\/conseil-en-style\/decorer-avec-des-carrelages\/#primaryimage"},"thumbnailUrl":"http:\/\/dev.webgalleryitsolution.com\/veronove\/wp-content\/uploads\/2022\/03\/400badkamervloer.jpg","datePublished":"2022-03-09T12:54:51+00:00","dateModified":"2022-03-29T07:46:44+00:00","breadcrumb":{"@id":"https:\/\/www.veronove.be\/fr\/conseil-en-style\/decorer-avec-des-carrelages\/#breadcrumb"},"inLanguage":"fr-FR","potentialAction":[{"@type":"ReadAction","target":["https:\/\/www.veronove.be\/fr\/conseil-en-style\/decorer-avec-des-carrelages\/"]}]},{"@type":"ImageObject","inLanguage":"fr-FR","@id":"https:\/\/www.veronove.be\/fr\/conseil-en-style\/decorer-avec-des-carrelages\/#primaryimage","url":"http:\/\/dev.webgalleryitsolution.com\/veronove\/wp-content\/uploads\/2022\/03\/400badkamervloer.jpg","contentUrl":"http:\/\/dev.webgalleryitsolution.com\/veronove\/wp-content\/uploads\/2022\/03\/400badkamervloer.jpg"},{"@type":"BreadcrumbList","@id":"https:\/\/www.veronove.be\/fr\/conseil-en-style\/decorer-avec-des-carrelages\/#breadcrumb","itemListElement":[{"@type":"ListItem","position":1,"name":"Home","item":"https:\/\/www.veronove.be\/fr\/"},{"@type":"ListItem","position":2,"name":"Conseil en style","item":"https:\/\/www.veronove.be\/fr\/stijladvies\/"},{"@type":"ListItem","position":3,"name":"D\u00e9corer avec des carrelages : conseils et astuces"}]},{"@type":"WebSite","@id":"https:\/\/www.veronove.be\/fr\/#website","url":"https:\/\/www.veronove.be\/fr\/","name":"Veronove Tegels","description":"Creatief met Tegels, Parket &amp; Badkamers","potentialAction":[{"@type":"SearchAction","target":{"@type":"EntryPoint","urlTemplate":"https:\/\/www.veronove.be\/fr\/?s={search_term_string}"},"query-input":"required name=search_term_string"}],"inLanguage":"fr-FR"}]}},"_links":{"self":[{"href":"https:\/\/www.veronove.be\/fr\/wp-json\/wp\/v2\/pages\/12874"}],"collection":[{"href":"https:\/\/www.veronove.be\/fr\/wp-json\/wp\/v2\/pages"}],"about":[{"href":"https:\/\/www.veronove.be\/fr\/wp-json\/wp\/v2\/types\/page"}],"author":[{"embeddable":true,"href":"https:\/\/www.veronove.be\/fr\/wp-json\/wp\/v2\/users\/3"}],"replies":[{"embeddable":true,"href":"https:\/\/www.veronove.be\/fr\/wp-json\/wp\/v2\/comments?post=12874"}],"version-history":[{"count":3,"href":"https:\/\/www.veronove.be\/fr\/wp-json\/wp\/v2\/pages\/12874\/revisions"}],"predecessor-version":[{"id":13963,"href":"https:\/\/www.veronove.be\/fr\/wp-json\/wp\/v2\/pages\/12874\/revisions\/13963"}],"up":[{"embeddable":true,"href":"https:\/\/www.veronove.be\/fr\/wp-json\/wp\/v2\/pages\/10225"}],"wp:attachment":[{"href":"https:\/\/www.veronove.be\/fr\/wp-json\/wp\/v2\/media?parent=12874"}],"curies":[{"name":"wp","href":"https:\/\/api.w.org\/{rel}","templated":true}]}}